{"id":364,"date":"2025-01-28T15:06:27","date_gmt":"2025-01-28T14:06:27","guid":{"rendered":"http:\/\/dombald.cluster027.hosting.ovh.net\/?page_id=364"},"modified":"2025-02-05T13:36:15","modified_gmt":"2025-02-05T12:36:15","slug":"prace-ziemne","status":"publish","type":"page","link":"https:\/\/dombal-wojciechkozlowski.pl\/index.php\/prace-ziemne\/","title":{"rendered":"Prace Ziemne"},"content":{"rendered":"\t\t<div data-elementor-type=\"wp-page\" data-elementor-id=\"364\" class=\"elementor elementor-364\">\n\t\t\t\t\t\t<section class=\"elementor-section elementor-top-section elementor-element elementor-element-1d5c7f4 elementor-section-boxed elementor-section-height-default elementor-section-height-default\" data-id=\"1d5c7f4\" data-element_type=\"section\" data-settings=\"{&quot;background_background&quot;:&quot;classic&quot;}\">\n\t\t\t\t\t\t\t<div class=\"elementor-background-overlay\"><\/div>\n\t\t\t\t\t\t\t<div class=\"elementor-container elementor-column-gap-default\">\n\t\t\t\t\t<div class=\"elementor-column elementor-col-100 elementor-top-column elementor-element elementor-element-0e7f48d\" data-id=\"0e7f48d\" data-element_type=\"column\">\n\t\t\t<div class=\"elementor-widget-wrap elementor-element-populated\">\n\t\t\t\t\t\t<div class=\"elementor-element elementor-element-93e3990 elementor-widget elementor-widget-heading\" data-id=\"93e3990\" data-element_type=\"widget\" data-widget_type=\"heading.default\">\n\t\t\t\t<div class=\"elementor-widget-container\">\n\t\t\t\t\t<h1 class=\"elementor-heading-title elementor-size-default\">prace Ziemne<\/h1>\t\t\t\t<\/div>\n\t\t\t\t<\/div>\n\t\t\t\t\t<\/div>\n\t\t<\/div>\n\t\t\t\t\t<\/div>\n\t\t<\/section>\n\t\t<div class=\"elementor-element elementor-element-5514a9b e-flex e-con-boxed e-con e-parent\" data-id=\"5514a9b\" data-element_type=\"container\">\n\t\t\t\t\t<div class=\"e-con-inner\">\n\t\t\t\t<div class=\"elementor-element elementor-element-b32fdbf elementor-widget elementor-widget-spacer\" data-id=\"b32fdbf\" data-element_type=\"widget\" data-widget_type=\"spacer.default\">\n\t\t\t\t<div class=\"elementor-widget-container\">\n\t\t\t\t\t\t\t<div class=\"elementor-spacer\">\n\t\t\t<div class=\"elementor-spacer-inner\"><\/div>\n\t\t<\/div>\n\t\t\t\t\t\t<\/div>\n\t\t\t\t<\/div>\n\t\t\t\t\t<\/div>\n\t\t\t\t<\/div>\n\t\t\t\t<section class=\"elementor-section elementor-top-section elementor-element elementor-element-34526b6 elementor-section-boxed elementor-section-height-default elementor-section-height-default\" data-id=\"34526b6\" data-element_type=\"section\" data-settings=\"{&quot;background_background&quot;:&quot;classic&quot;}\">\n\t\t\t\t\t\t<div class=\"elementor-container elementor-column-gap-default\">\n\t\t\t\t\t<div class=\"elementor-column elementor-col-50 elementor-top-column elementor-element elementor-element-c27a918\" data-id=\"c27a918\" data-element_type=\"column\">\n\t\t\t<div class=\"elementor-widget-wrap elementor-element-populated\">\n\t\t\t\t\t\t<section class=\"elementor-section elementor-inner-section elementor-element elementor-element-25c1eba elementor-section-boxed elementor-section-height-default elementor-section-height-default\" data-id=\"25c1eba\" data-element_type=\"section\">\n\t\t\t\t\t\t<div class=\"elementor-container elementor-column-gap-default\">\n\t\t\t\t\t<div class=\"elementor-column elementor-col-100 elementor-inner-column elementor-element elementor-element-c9245e5\" data-id=\"c9245e5\" data-element_type=\"column\">\n\t\t\t<div class=\"elementor-widget-wrap elementor-element-populated\">\n\t\t\t\t\t\t<div class=\"elementor-element elementor-element-7aab5b2 elementor-widget elementor-widget-spacer\" data-id=\"7aab5b2\" data-element_type=\"widget\" data-widget_type=\"spacer.default\">\n\t\t\t\t<div class=\"elementor-widget-container\">\n\t\t\t\t\t\t\t<div class=\"elementor-spacer\">\n\t\t\t<div class=\"elementor-spacer-inner\"><\/div>\n\t\t<\/div>\n\t\t\t\t\t\t<\/div>\n\t\t\t\t<\/div>\n\t\t\t\t\t<\/div>\n\t\t<\/div>\n\t\t\t\t\t<\/div>\n\t\t<\/section>\n\t\t\t\t<div class=\"elementor-element elementor-element-dc6012d elementor-widget elementor-widget-text-editor\" data-id=\"dc6012d\" data-element_type=\"widget\" data-widget_type=\"text-editor.default\">\n\t\t\t\t<div class=\"elementor-widget-container\">\n\t\t\t\t\t\t\t\t\t<p>Oferujemy kompleksowe us\u0142ugi ziemne, kt\u00f3re stanowi\u0105 kluczowy etap ka\u017cdej inwestycji budowlanej. Dzi\u0119ki nowoczesnemu sprz\u0119towi i do\u015bwiadczeniu realizujemy prace szybko, dok\u0142adnie i zgodnie z wymaganiami terenu.<\/p><p>W zakres us\u0142ug wchodzi niwelacja i wyr\u00f3wnanie terenu, co pozwala na przygotowanie gruntu pod budow\u0119 oraz inne zagospodarowanie przestrzeni. Wykonujemy wykopy pod fundamenty, zapewniaj\u0105c solidn\u0105 baz\u0119 dla przysz\u0142ych konstrukcji. Przewozimy ziemi\u0119, dostosowuj\u0105c teren do indywidualnych potrzeb inwestora.<\/p><p>Oferujemy r\u00f3wnie\u017c profesjonalne systemy drena\u017cowe, skutecznie odprowadzaj\u0105ce wod\u0119 i zabezpieczaj\u0105ce teren przed nadmiernym zawilgoceniem. Budujemy drogi dojazdowe, tworz\u0105c trwa\u0142e i funkcjonalne nawierzchnie dostosowane do warunk\u00f3w gruntowych.<\/p><p>Ka\u017cde zlecenie realizujemy z dba\u0142o\u015bci\u0105 o precyzj\u0119 i jako\u015b\u0107 wykonania. Dzi\u0119ki do\u015bwiadczeniu i specjalistycznemu sprz\u0119towi gwarantujemy sprawn\u0105 i bezpieczn\u0105 realizacj\u0119 prac ziemnych, stanowi\u0105cych fundament ka\u017cdej inwestycji.<\/p>\t\t\t\t\t\t\t\t<\/div>\n\t\t\t\t<\/div>\n\t\t\t\t<div class=\"elementor-element elementor-element-5447454 elementor-widget elementor-widget-spacer\" data-id=\"5447454\" data-element_type=\"widget\" data-widget_type=\"spacer.default\">\n\t\t\t\t<div class=\"elementor-widget-container\">\n\t\t\t\t\t\t\t<div class=\"elementor-spacer\">\n\t\t\t<div class=\"elementor-spacer-inner\"><\/div>\n\t\t<\/div>\n\t\t\t\t\t\t<\/div>\n\t\t\t\t<\/div>\n\t\t\t\t\t<\/div>\n\t\t<\/div>\n\t\t\t\t<div class=\"elementor-column elementor-col-50 elementor-top-column elementor-element elementor-element-be59719\" data-id=\"be59719\" data-element_type=\"column\">\n\t\t\t<div class=\"elementor-widget-wrap elementor-element-populated\">\n\t\t\t\t\t\t<div class=\"elementor-element elementor-element-20a4404 elementor-widget elementor-widget-image\" data-id=\"20a4404\" data-element_type=\"widget\" data-widget_type=\"image.default\">\n\t\t\t\t<div class=\"elementor-widget-container\">\n\t\t\t\t\t\t\t\t\t\t\t\t\t\t\t<img fetchpriority=\"high\" decoding=\"async\" width=\"768\" height=\"768\" src=\"https:\/\/dombal-wojciechkozlowski.pl\/wp-content\/uploads\/2025\/01\/DALL\u00b7E-2025-01-31-13.42.13-A-very-simple-cartoon-style-excavator-drawn-with-just-a-few-lines.-The-design-is-minimalistic-and-playful-resembling-a-childs-drawing-with-bold-cl-768x768.webp\" class=\"attachment-medium_large size-medium_large wp-image-546\" alt=\"\" srcset=\"https:\/\/dombal-wojciechkozlowski.pl\/wp-content\/uploads\/2025\/01\/DALL\u00b7E-2025-01-31-13.42.13-A-very-simple-cartoon-style-excavator-drawn-with-just-a-few-lines.-The-design-is-minimalistic-and-playful-resembling-a-childs-drawing-with-bold-cl-768x768.webp 768w, https:\/\/dombal-wojciechkozlowski.pl\/wp-content\/uploads\/2025\/01\/DALL\u00b7E-2025-01-31-13.42.13-A-very-simple-cartoon-style-excavator-drawn-with-just-a-few-lines.-The-design-is-minimalistic-and-playful-resembling-a-childs-drawing-with-bold-cl-300x300.webp 300w, https:\/\/dombal-wojciechkozlowski.pl\/wp-content\/uploads\/2025\/01\/DALL\u00b7E-2025-01-31-13.42.13-A-very-simple-cartoon-style-excavator-drawn-with-just-a-few-lines.-The-design-is-minimalistic-and-playful-resembling-a-childs-drawing-with-bold-cl-150x150.webp 150w, https:\/\/dombal-wojciechkozlowski.pl\/wp-content\/uploads\/2025\/01\/DALL\u00b7E-2025-01-31-13.42.13-A-very-simple-cartoon-style-excavator-drawn-with-just-a-few-lines.-The-design-is-minimalistic-and-playful-resembling-a-childs-drawing-with-bold-cl-600x600.webp 600w, https:\/\/dombal-wojciechkozlowski.pl\/wp-content\/uploads\/2025\/01\/DALL\u00b7E-2025-01-31-13.42.13-A-very-simple-cartoon-style-excavator-drawn-with-just-a-few-lines.-The-design-is-minimalistic-and-playful-resembling-a-childs-drawing-with-bold-cl.webp 1024w\" sizes=\"(max-width: 768px) 100vw, 768px\" \/>\t\t\t\t\t\t\t\t\t\t\t\t\t\t\t<\/div>\n\t\t\t\t<\/div>\n\t\t\t\t\t<\/div>\n\t\t<\/div>\n\t\t\t\t\t<\/div>\n\t\t<\/section>\n\t\t\t\t<section class=\"elementor-section elementor-top-section elementor-element elementor-element-aa0c872 elementor-section-content-middle elementor-section-boxed elementor-section-height-default elementor-section-height-default\" data-id=\"aa0c872\" data-element_type=\"section\" data-settings=\"{&quot;background_background&quot;:&quot;classic&quot;}\">\n\t\t\t\t\t\t\t<div class=\"elementor-background-overlay\"><\/div>\n\t\t\t\t\t\t\t<div class=\"elementor-container elementor-column-gap-extended\">\n\t\t\t\t\t<div class=\"elementor-column elementor-col-33 elementor-top-column elementor-element elementor-element-d765ffc elementor-hidden-mobile\" data-id=\"d765ffc\" data-element_type=\"column\">\n\t\t\t<div class=\"elementor-widget-wrap elementor-element-populated\">\n\t\t\t\t\t\t<div class=\"elementor-element elementor-element-3fa89e8 elementor-invisible elementor-widget elementor-widget-heading\" data-id=\"3fa89e8\" data-element_type=\"widget\" data-settings=\"{&quot;_animation&quot;:&quot;fadeIn&quot;}\" data-widget_type=\"heading.default\">\n\t\t\t\t<div class=\"elementor-widget-container\">\n\t\t\t\t\t<h5 class=\"elementor-heading-title elementor-size-medium\">Skontaktuj si\u0119 z nami<\/h5>\t\t\t\t<\/div>\n\t\t\t\t<\/div>\n\t\t\t\t<div class=\"elementor-element elementor-element-3a0313a elementor-widget-divider--view-line elementor-invisible elementor-widget elementor-widget-divider\" data-id=\"3a0313a\" data-element_type=\"widget\" data-settings=\"{&quot;_animation&quot;:&quot;fadeInUp&quot;}\" data-widget_type=\"divider.default\">\n\t\t\t\t<div class=\"elementor-widget-container\">\n\t\t\t\t\t\t\t<div class=\"elementor-divider\">\n\t\t\t<span class=\"elementor-divider-separator\">\n\t\t\t\t\t\t<\/span>\n\t\t<\/div>\n\t\t\t\t\t\t<\/div>\n\t\t\t\t<\/div>\n\t\t\t\t<div class=\"elementor-element elementor-element-989ccd3 elementor-invisible elementor-widget elementor-widget-text-editor\" data-id=\"989ccd3\" data-element_type=\"widget\" data-settings=\"{&quot;_animation&quot;:&quot;fadeIn&quot;}\" data-widget_type=\"text-editor.default\">\n\t\t\t\t<div class=\"elementor-widget-container\">\n\t\t\t\t\t\t\t\t\t<p>&#8222;Inter homines, fiducia est fundamentum relationum.&#8221;<\/p><p>\u201eMi\u0119dzy lud\u017ami zaufanie jest podstaw\u0105 relacji\u201d.<\/p>\t\t\t\t\t\t\t\t<\/div>\n\t\t\t\t<\/div>\n\t\t\t\t\t<\/div>\n\t\t<\/div>\n\t\t\t\t<div class=\"elementor-column elementor-col-33 elementor-top-column elementor-element elementor-element-6d2b6f9\" data-id=\"6d2b6f9\" data-element_type=\"column\">\n\t\t\t<div class=\"elementor-widget-wrap elementor-element-populated\">\n\t\t\t\t\t\t<div class=\"elementor-element elementor-element-de82ce5 elementor-widget elementor-widget-heading\" data-id=\"de82ce5\" data-element_type=\"widget\" data-widget_type=\"heading.default\">\n\t\t\t\t<div class=\"elementor-widget-container\">\n\t\t\t\t\t<h2 class=\"elementor-heading-title elementor-size-default\">Adres<\/h2>\t\t\t\t<\/div>\n\t\t\t\t<\/div>\n\t\t\t\t<div class=\"elementor-element elementor-element-25519d2 elementor-widget elementor-widget-text-editor\" data-id=\"25519d2\" data-element_type=\"widget\" data-widget_type=\"text-editor.default\">\n\t\t\t\t<div class=\"elementor-widget-container\">\n\t\t\t\t\t\t\t\t\t<p>P\u0142aska 7<\/p><p>16-326 P\u0142aska<\/p>\t\t\t\t\t\t\t\t<\/div>\n\t\t\t\t<\/div>\n\t\t\t\t\t<\/div>\n\t\t<\/div>\n\t\t\t\t<div class=\"elementor-column elementor-col-33 elementor-top-column elementor-element elementor-element-95ab48d\" data-id=\"95ab48d\" data-element_type=\"column\">\n\t\t\t<div class=\"elementor-widget-wrap elementor-element-populated\">\n\t\t\t\t\t\t<div class=\"elementor-element elementor-element-6c20cdb elementor-widget elementor-widget-heading\" data-id=\"6c20cdb\" data-element_type=\"widget\" data-widget_type=\"heading.default\">\n\t\t\t\t<div class=\"elementor-widget-container\">\n\t\t\t\t\t<h2 class=\"elementor-heading-title elementor-size-default\">Email &amp; Telefon<\/h2>\t\t\t\t<\/div>\n\t\t\t\t<\/div>\n\t\t\t\t<div class=\"elementor-element elementor-element-a24468b elementor-widget-mobile__width-initial elementor-widget elementor-widget-text-editor\" data-id=\"a24468b\" data-element_type=\"widget\" data-widget_type=\"text-editor.default\">\n\t\t\t\t<div class=\"elementor-widget-container\">\n\t\t\t\t\t\t\t\t\t<p>dombal.wojciechkozlowski@gmail.com<\/p><p>601272102<\/p>\t\t\t\t\t\t\t\t<\/div>\n\t\t\t\t<\/div>\n\t\t\t\t\t<\/div>\n\t\t<\/div>\n\t\t\t\t\t<\/div>\n\t\t<\/section>\n\t\t\t\t<\/div>\n\t\t","protected":false},"excerpt":{"rendered":"<p>prace Ziemne Oferujemy kompleksowe us\u0142ugi ziemne, kt\u00f3re stanowi\u0105 kluczowy etap ka\u017cdej inwestycji budowlanej. Dzi\u0119ki nowoczesnemu sprz\u0119towi i do\u015bwiadczeniu realizujemy prace szybko, dok\u0142adnie i zgodnie z wymaganiami terenu. W zakres us\u0142ug wchodzi niwelacja i wyr\u00f3wnanie terenu, co pozwala na przygotowanie gruntu pod budow\u0119 oraz inne zagospodarowanie przestrzeni. Wykonujemy wykopy pod fundamenty, zapewniaj\u0105c solidn\u0105 baz\u0119 dla przysz\u0142ych [&hellip;]<\/p>\n","protected":false},"author":1,"featured_media":0,"parent":0,"menu_order":0,"comment_status":"closed","ping_status":"closed","template":"","meta":{"ocean_post_layout":"full-screen","ocean_both_sidebars_style":"","ocean_both_sidebars_content_width":0,"ocean_both_sidebars_sidebars_width":0,"ocean_sidebar":"","ocean_second_sidebar":"","ocean_disable_margins":"enable","ocean_add_body_class":"","ocean_shortcode_before_top_bar":"","ocean_shortcode_after_top_bar":"","ocean_shortcode_before_header":"","ocean_shortcode_after_header":"","ocean_has_shortcode":"","ocean_shortcode_after_title":"","ocean_shortcode_before_footer_widgets":"","ocean_shortcode_after_footer_widgets":"","ocean_shortcode_before_footer_bottom":"","ocean_shortcode_after_footer_bottom":"","ocean_display_top_bar":"off","ocean_display_header":"default","ocean_header_style":"","ocean_center_header_left_menu":"","ocean_custom_header_template":"","ocean_custom_logo":0,"ocean_custom_retina_logo":0,"ocean_custom_logo_max_width":0,"ocean_custom_logo_tablet_max_width":0,"ocean_custom_logo_mobile_max_width":0,"ocean_custom_logo_max_height":0,"ocean_custom_logo_tablet_max_height":0,"ocean_custom_logo_mobile_max_height":0,"ocean_header_custom_menu":"","ocean_menu_typo_font_family":"","ocean_menu_typo_font_subset":"","ocean_menu_typo_font_size":0,"ocean_menu_typo_font_size_tablet":0,"ocean_menu_typo_font_size_mobile":0,"ocean_menu_typo_font_size_unit":"px","ocean_menu_typo_font_weight":"","ocean_menu_typo_font_weight_tablet":"","ocean_menu_typo_font_weight_mobile":"","ocean_menu_typo_transform":"","ocean_menu_typo_transform_tablet":"","ocean_menu_typo_transform_mobile":"","ocean_menu_typo_line_height":0,"ocean_menu_typo_line_height_tablet":0,"ocean_menu_typo_line_height_mobile":0,"ocean_menu_typo_line_height_unit":"","ocean_menu_typo_spacing":0,"ocean_menu_typo_spacing_tablet":0,"ocean_menu_typo_spacing_mobile":0,"ocean_menu_typo_spacing_unit":"","ocean_menu_link_color":"","ocean_menu_link_color_hover":"","ocean_menu_link_color_active":"","ocean_menu_link_background":"","ocean_menu_link_hover_background":"","ocean_menu_link_active_background":"","ocean_menu_social_links_bg":"","ocean_menu_social_hover_links_bg":"","ocean_menu_social_links_color":"","ocean_menu_social_hover_links_color":"","ocean_disable_title":"on","ocean_disable_heading":"default","ocean_post_title":"","ocean_post_subheading":"","ocean_post_title_style":"","ocean_post_title_background_color":"","ocean_post_title_background":0,"ocean_post_title_bg_image_position":"","ocean_post_title_bg_image_attachment":"","ocean_post_title_bg_image_repeat":"","ocean_post_title_bg_image_size":"","ocean_post_title_height":0,"ocean_post_title_bg_overlay":0.5,"ocean_post_title_bg_overlay_color":"","ocean_disable_breadcrumbs":"default","ocean_breadcrumbs_color":"","ocean_breadcrumbs_separator_color":"","ocean_breadcrumbs_links_color":"","ocean_breadcrumbs_links_hover_color":"","ocean_display_footer_widgets":"off","ocean_display_footer_bottom":"off","ocean_custom_footer_template":"","footnotes":""},"class_list":["post-364","page","type-page","status-publish","hentry","entry"],"_links":{"self":[{"href":"https:\/\/dombal-wojciechkozlowski.pl\/index.php\/wp-json\/wp\/v2\/pages\/364","targetHints":{"allow":["GET"]}}],"collection":[{"href":"https:\/\/dombal-wojciechkozlowski.pl\/index.php\/wp-json\/wp\/v2\/pages"}],"about":[{"href":"https:\/\/dombal-wojciechkozlowski.pl\/index.php\/wp-json\/wp\/v2\/types\/page"}],"author":[{"embeddable":true,"href":"https:\/\/dombal-wojciechkozlowski.pl\/index.php\/wp-json\/wp\/v2\/users\/1"}],"replies":[{"embeddable":true,"href":"https:\/\/dombal-wojciechkozlowski.pl\/index.php\/wp-json\/wp\/v2\/comments?post=364"}],"version-history":[{"count":19,"href":"https:\/\/dombal-wojciechkozlowski.pl\/index.php\/wp-json\/wp\/v2\/pages\/364\/revisions"}],"predecessor-version":[{"id":814,"href":"https:\/\/dombal-wojciechkozlowski.pl\/index.php\/wp-json\/wp\/v2\/pages\/364\/revisions\/814"}],"wp:attachment":[{"href":"https:\/\/dombal-wojciechkozlowski.pl\/index.php\/wp-json\/wp\/v2\/media?parent=364"}],"curies":[{"name":"wp","href":"https:\/\/api.w.org\/{rel}","templated":true}]}}